{"id":1084,"date":"2018-11-20T15:19:10","date_gmt":"2018-11-20T15:19:10","guid":{"rendered":"https:\/\/blog.calzadospitillos.com\/protection-des-donnees\/"},"modified":"2018-11-20T15:19:10","modified_gmt":"2018-11-20T15:19:10","slug":"protection-des-donnees","status":"publish","type":"page","link":"https:\/\/blog.calzadospitillos.com\/fr\/protection-des-donnees\/","title":{"rendered":"Protection des donn\u00e9es"},"content":{"rendered":"<p>L&#8217;objectif de la cr\u00e9ation et de la mise \u00e0 jour de nos pages sur les r\u00e9seaux sociaux est l&#8217;\u00e9change d&#8217;informations tout en veillant au respect de l&#8217;ensemble des utilisateurs \u00e0 tout moment.<\/p>\n<p>Les r\u00e9seaux sociaux sont des outils ouverts et, de par leur nature, il n&#8217;est pas logique d&#8217;imposer des restrictions aux commentaires, publications, images, etc. Nous devons donc nuancer en partant du principe que le contenu publi\u00e9 par les utilisateurs rel\u00e8ve de l&#8217;enti\u00e8re responsabilit\u00e9 de ces derniers. Nous ne pouvons \u00eatre tenus responsables des avis publi\u00e9s par les utilisateurs ou de la v\u00e9racit\u00e9 et de l&#8217;exactitude des contenus publi\u00e9s par ces derniers.<\/p>\n<p>En outre, nous soulignons que les diff\u00e9rents r\u00e9seaux sociaux sont la propri\u00e9t\u00e9 de leurs fournisseurs respectifs, nous nous contentons d&#8217;en faire usage comme tout autre utilisateur. Nous mettrons en place les profils de confidentialit\u00e9 et les normes d&#8217;utilisation qui nous sont possibles, mais toujours \u00e0 partir du point de vue de l&#8217;utilisateur.<\/p>\n<p>Nous d\u00e9velopperons ensuite une s\u00e9rie de directives qui nous aideront sans nul doute \u00e0 faire un bon usage et \u00e0 profiter de ces outils.<\/p>\n<ol>\n<li>Les r\u00e9seaux sociaux sont publics et l&#8217;utilisateur doit donc assumer que le contenu qu&#8217;il publie peut \u00eatre vu par d&#8217;autres utilisateurs en fonction des restrictions qu&#8217;il d\u00e9finira lui-m\u00eame sur ses profils de confidentialit\u00e9 et ceux int\u00e9gr\u00e9s par l&#8217;outil en question.<\/li>\n<li>L&#8217;ensemble des avis, commentaires et actualit\u00e9s publi\u00e9s par l&#8217;utilisateur doivent contribuer au principe g\u00e9n\u00e9ral d&#8217;\u00e9change d&#8217;informations. La cr\u00e9ation de pol\u00e9miques ou le d\u00e9nigrement d&#8217;autrui ne seront en aucun cas permis. Si l&#8217;une de ces situations se produit, nous nous r\u00e9servons le droit de supprimer le contenu concern\u00e9 de notre profil. De la m\u00eame mani\u00e8re, nous supprimerons tout type d&#8217;information que nous jugerons ill\u00e9gal ou pouvant porter pr\u00e9judice aussi bien \u00e0 nous-m\u00eames qu&#8217;aux autres utilisateurs.<\/li>\n<li>Il est interdit d&#8217;utiliser ce profil pour des activit\u00e9s commerciales, de promotions professionnelles ou de publicit\u00e9 en g\u00e9n\u00e9ral.<\/li>\n<li>Si l&#8217;utilisateur publie du contenu dont il est l&#8217;auteur, comme des photos ou des textes, celui-ci doit prendre conscience que, par le simple fait de publier son contenu sur notre profil, il nous donne l&#8217;autorisation de faire usage dudit contenu. Nous rappelons que compte tenu des caract\u00e9ristiques des r\u00e9seaux sociaux, n&#8217;importe quel utilisateur, nous y compris, pourra avoir acc\u00e8s \u00e0 ce contenu. En ce qui nous concerne, nous nous engageons \u00e0 mentionner l&#8217;auteur du contenu dans les \u00e9ventuelles futures utilisations que nous pourrions faire de ce contenu.<\/li>\n<li>Les logos, les informations d&#8217;entreprise et les contenus en g\u00e9n\u00e9ral que nous publions nous appartiennent et, par cons\u00e9quent, nous nous r\u00e9servons les droits de propri\u00e9t\u00e9 intellectuelle et industrielle. L&#8217;utilisateur devra se conformer \u00e0 ces principes.<\/li>\n<\/ol>\n","protected":false},"excerpt":{"rendered":"<p>L&#8217;objectif de la cr\u00e9ation et de la mise \u00e0 jour de nos pages sur les r\u00e9seaux sociaux est l&#8217;\u00e9change d&#8217;informations tout en veillant au respect de l&#8217;ensemble des utilisateurs \u00e0 tout moment. Les r\u00e9seaux sociaux sont des outils ouverts et, de par leur nature, il n&#8217;est pas logique d&#8217;imposer des restrictions aux commentaires, publications, images, [&hellip;]<\/p>\n","protected":false},"author":6,"featured_media":0,"parent":0,"menu_order":0,"comment_status":"closed","ping_status":"closed","template":"","meta":{"footnotes":""},"class_list":["post-1084","page","type-page","status-publish","hentry"],"yoast_head":"<!-- This site is optimized with the Yoast SEO plugin v24.9 - https:\/\/yoast.com\/wordpress\/plugins\/seo\/ -->\n<title>Protection des donn\u00e9es - Blog Pitillos<\/title>\n<meta name=\"robots\" content=\"index, follow, max-snippet:-1, max-image-preview:large, max-video-preview:-1\" \/>\n<link rel=\"canonical\" href=\"https:\/\/blog.calzadospitillos.com\/fr\/protection-des-donnees\/\" \/>\n<meta property=\"og:locale\" content=\"fr_FR\" \/>\n<meta property=\"og:type\" content=\"article\" \/>\n<meta property=\"og:title\" content=\"Protection des donn\u00e9es - Blog Pitillos\" \/>\n<meta property=\"og:description\" content=\"L&#8217;objectif de la cr\u00e9ation et de la mise \u00e0 jour de nos pages sur les r\u00e9seaux sociaux est l&#8217;\u00e9change d&#8217;informations tout en veillant au respect de l&#8217;ensemble des utilisateurs \u00e0 tout moment. Les r\u00e9seaux sociaux sont des outils ouverts et, de par leur nature, il n&#8217;est pas logique d&#8217;imposer des restrictions aux commentaires, publications, images, [&hellip;]\" \/>\n<meta property=\"og:url\" content=\"https:\/\/blog.calzadospitillos.com\/fr\/protection-des-donnees\/\" \/>\n<meta property=\"og:site_name\" content=\"Blog Pitillos\" \/>\n<meta name=\"twitter:card\" content=\"summary_large_image\" \/>\n<meta name=\"twitter:label1\" content=\"Dur\u00e9e de lecture estim\u00e9e\" \/>\n\t<meta name=\"twitter:data1\" content=\"2 minutes\" \/>\n<script type=\"application\/ld+json\" class=\"yoast-schema-graph\">{\"@context\":\"https:\/\/schema.org\",\"@graph\":[{\"@type\":\"WebPage\",\"@id\":\"https:\/\/blog.calzadospitillos.com\/fr\/protection-des-donnees\/\",\"url\":\"https:\/\/blog.calzadospitillos.com\/fr\/protection-des-donnees\/\",\"name\":\"Protection des donn\u00e9es - Blog Pitillos\",\"isPartOf\":{\"@id\":\"https:\/\/blog.calzadospitillos.com\/#website\"},\"datePublished\":\"2018-11-20T15:19:10+00:00\",\"breadcrumb\":{\"@id\":\"https:\/\/blog.calzadospitillos.com\/fr\/protection-des-donnees\/#breadcrumb\"},\"inLanguage\":\"fr-FR\",\"potentialAction\":[{\"@type\":\"ReadAction\",\"target\":[\"https:\/\/blog.calzadospitillos.com\/fr\/protection-des-donnees\/\"]}]},{\"@type\":\"BreadcrumbList\",\"@id\":\"https:\/\/blog.calzadospitillos.com\/fr\/protection-des-donnees\/#breadcrumb\",\"itemListElement\":[{\"@type\":\"ListItem\",\"position\":1,\"name\":\"Portada\",\"item\":\"https:\/\/blog.calzadospitillos.com\/fr\/\"},{\"@type\":\"ListItem\",\"position\":2,\"name\":\"Protection des donn\u00e9es\"}]},{\"@type\":\"WebSite\",\"@id\":\"https:\/\/blog.calzadospitillos.com\/#website\",\"url\":\"https:\/\/blog.calzadospitillos.com\/\",\"name\":\"Blog Pitillos\",\"description\":\"El blog de calzados pitillos. Te contamos las &uacute;ltimas tendencias en calzado y lifestyle basadas en nuestra experiencia haciendo calzado desde 1981\",\"publisher\":{\"@id\":\"https:\/\/blog.calzadospitillos.com\/#organization\"},\"potentialAction\":[{\"@type\":\"SearchAction\",\"target\":{\"@type\":\"EntryPoint\",\"urlTemplate\":\"https:\/\/blog.calzadospitillos.com\/?s={search_term_string}\"},\"query-input\":{\"@type\":\"PropertyValueSpecification\",\"valueRequired\":true,\"valueName\":\"search_term_string\"}}],\"inLanguage\":\"fr-FR\"},{\"@type\":\"Organization\",\"@id\":\"https:\/\/blog.calzadospitillos.com\/#organization\",\"name\":\"Pitillos\",\"url\":\"https:\/\/blog.calzadospitillos.com\/\",\"logo\":{\"@type\":\"ImageObject\",\"inLanguage\":\"fr-FR\",\"@id\":\"https:\/\/blog.calzadospitillos.com\/#\/schema\/logo\/image\/\",\"url\":\"https:\/\/blog.calzadospitillos.com\/wp-content\/uploads\/2018\/10\/PIT_LOGO_SIMPLE.png\",\"contentUrl\":\"https:\/\/blog.calzadospitillos.com\/wp-content\/uploads\/2018\/10\/PIT_LOGO_SIMPLE.png\",\"width\":284,\"height\":67,\"caption\":\"Pitillos\"},\"image\":{\"@id\":\"https:\/\/blog.calzadospitillos.com\/#\/schema\/logo\/image\/\"},\"sameAs\":[\"https:\/\/www.pinterest.es\/calzadospitillos\/\"]}]}<\/script>\n<!-- \/ Yoast SEO plugin. -->","yoast_head_json":{"title":"Protection des donn\u00e9es - Blog Pitillos","robots":{"index":"index","follow":"follow","max-snippet":"max-snippet:-1","max-image-preview":"max-image-preview:large","max-video-preview":"max-video-preview:-1"},"canonical":"https:\/\/blog.calzadospitillos.com\/fr\/protection-des-donnees\/","og_locale":"fr_FR","og_type":"article","og_title":"Protection des donn\u00e9es - Blog Pitillos","og_description":"L&#8217;objectif de la cr\u00e9ation et de la mise \u00e0 jour de nos pages sur les r\u00e9seaux sociaux est l&#8217;\u00e9change d&#8217;informations tout en veillant au respect de l&#8217;ensemble des utilisateurs \u00e0 tout moment. Les r\u00e9seaux sociaux sont des outils ouverts et, de par leur nature, il n&#8217;est pas logique d&#8217;imposer des restrictions aux commentaires, publications, images, [&hellip;]","og_url":"https:\/\/blog.calzadospitillos.com\/fr\/protection-des-donnees\/","og_site_name":"Blog Pitillos","twitter_card":"summary_large_image","twitter_misc":{"Dur\u00e9e de lecture estim\u00e9e":"2 minutes"},"schema":{"@context":"https:\/\/schema.org","@graph":[{"@type":"WebPage","@id":"https:\/\/blog.calzadospitillos.com\/fr\/protection-des-donnees\/","url":"https:\/\/blog.calzadospitillos.com\/fr\/protection-des-donnees\/","name":"Protection des donn\u00e9es - Blog Pitillos","isPartOf":{"@id":"https:\/\/blog.calzadospitillos.com\/#website"},"datePublished":"2018-11-20T15:19:10+00:00","breadcrumb":{"@id":"https:\/\/blog.calzadospitillos.com\/fr\/protection-des-donnees\/#breadcrumb"},"inLanguage":"fr-FR","potentialAction":[{"@type":"ReadAction","target":["https:\/\/blog.calzadospitillos.com\/fr\/protection-des-donnees\/"]}]},{"@type":"BreadcrumbList","@id":"https:\/\/blog.calzadospitillos.com\/fr\/protection-des-donnees\/#breadcrumb","itemListElement":[{"@type":"ListItem","position":1,"name":"Portada","item":"https:\/\/blog.calzadospitillos.com\/fr\/"},{"@type":"ListItem","position":2,"name":"Protection des donn\u00e9es"}]},{"@type":"WebSite","@id":"https:\/\/blog.calzadospitillos.com\/#website","url":"https:\/\/blog.calzadospitillos.com\/","name":"Blog Pitillos","description":"El blog de calzados pitillos. Te contamos las &uacute;ltimas tendencias en calzado y lifestyle basadas en nuestra experiencia haciendo calzado desde 1981","publisher":{"@id":"https:\/\/blog.calzadospitillos.com\/#organization"},"potentialAction":[{"@type":"SearchAction","target":{"@type":"EntryPoint","urlTemplate":"https:\/\/blog.calzadospitillos.com\/?s={search_term_string}"},"query-input":{"@type":"PropertyValueSpecification","valueRequired":true,"valueName":"search_term_string"}}],"inLanguage":"fr-FR"},{"@type":"Organization","@id":"https:\/\/blog.calzadospitillos.com\/#organization","name":"Pitillos","url":"https:\/\/blog.calzadospitillos.com\/","logo":{"@type":"ImageObject","inLanguage":"fr-FR","@id":"https:\/\/blog.calzadospitillos.com\/#\/schema\/logo\/image\/","url":"https:\/\/blog.calzadospitillos.com\/wp-content\/uploads\/2018\/10\/PIT_LOGO_SIMPLE.png","contentUrl":"https:\/\/blog.calzadospitillos.com\/wp-content\/uploads\/2018\/10\/PIT_LOGO_SIMPLE.png","width":284,"height":67,"caption":"Pitillos"},"image":{"@id":"https:\/\/blog.calzadospitillos.com\/#\/schema\/logo\/image\/"},"sameAs":["https:\/\/www.pinterest.es\/calzadospitillos\/"]}]}},"_links":{"self":[{"href":"https:\/\/blog.calzadospitillos.com\/fr\/wp-json\/wp\/v2\/pages\/1084","targetHints":{"allow":["GET"]}}],"collection":[{"href":"https:\/\/blog.calzadospitillos.com\/fr\/wp-json\/wp\/v2\/pages"}],"about":[{"href":"https:\/\/blog.calzadospitillos.com\/fr\/wp-json\/wp\/v2\/types\/page"}],"author":[{"embeddable":true,"href":"https:\/\/blog.calzadospitillos.com\/fr\/wp-json\/wp\/v2\/users\/6"}],"replies":[{"embeddable":true,"href":"https:\/\/blog.calzadospitillos.com\/fr\/wp-json\/wp\/v2\/comments?post=1084"}],"version-history":[{"count":0,"href":"https:\/\/blog.calzadospitillos.com\/fr\/wp-json\/wp\/v2\/pages\/1084\/revisions"}],"wp:attachment":[{"href":"https:\/\/blog.calzadospitillos.com\/fr\/wp-json\/wp\/v2\/media?parent=1084"}],"curies":[{"name":"wp","href":"https:\/\/api.w.org\/{rel}","templated":true}]}}