{"id":1086,"date":"2018-11-20T15:23:00","date_gmt":"2018-11-20T15:23:00","guid":{"rendered":"https:\/\/blog.calzadospitillos.com\/mentions-legales\/"},"modified":"2018-11-20T15:23:00","modified_gmt":"2018-11-20T15:23:00","slug":"mentions-legales","status":"publish","type":"page","link":"https:\/\/blog.calzadospitillos.com\/fr\/mentions-legales\/","title":{"rendered":"Mentions l\u00e9gales"},"content":{"rendered":"<p><em>En vertu de l&#8217;application de la Loi 34\/2002 du 11\u00a0juillet\u00a02002 relative aux services de la soci\u00e9t\u00e9 de l&#8217;information et du commerce \u00e9lectronique, nous vous informons de ce qui suit\u00a0:<\/em><\/p>\n<p><strong><em>Art. 10 LSSI:<\/em><\/strong> www.calzadospitillos.com est un nom de domaine internet appartenant \u00e0 CALZADOS PITILLOS, S.A., dont le si\u00e8ge social est\u00a0<a href=\"https:\/\/maps.google.com\/?q=carretera+de+prejano,+46-48&amp;entry=gmail&amp;source=g\">Carretera de prejano, 46-48<\/a>\u00a0 26580 \u00a0ARNEDO (province de LA RIOJA) et CIF (num\u00e9ro d&#8217;identification fiscale), A26054213<strong>.\u00a0 <\/strong>L&#8217;entreprise est inscrite au Registre du commerce de La Rioja, tome\u00a0188 Gral, livre\u00a0136, section\u00a03, folio\u00a0107, page\u00a01879, inscription\u00a01.<\/p>\n<p><strong>Pour les besoins du pr\u00e9sent document, le num\u00e9ro de t\u00e9l\u00e9phone de contact est le <\/strong>941 382 712<strong> et l&#8217;adresse \u00e9lectronique de contact est <\/strong><a href=\"mailto:protecciondatos@www.grupopitillos.com\">admin@grupopitillos.com<\/a>.<\/p>\n<p><strong>Les pr\u00e9sentes Mentions l\u00e9gales r\u00e9gissent l&#8217;utilisation dudit domaine.<\/strong><\/p>\n<p>L&#8217;utilisation de ce site Web implique l&#8217;acceptation par l&#8217;Utilisateur des conditions d&#8217;utilisation, incluses dans les pr\u00e9sentes Mentions l\u00e9gales, de notre politique relative \u00e0 la \u00ab\u00a0Protection des donn\u00e9es et de la vie priv\u00e9e\u00a0\u00bb et de notre \u00ab\u00a0Politique d&#8217;utilisation des cookies\u00a0\u00bb. Si certains services contenus et\/ou outils propos\u00e9s via ce \u00ab\u00a0Portail\u00a0\u00bb requi\u00e8rent l&#8217;application de conditions particuli\u00e8res, celles-ci seront mises \u00e0 disposition de l&#8217;Utilisateur.<\/p>\n<p>D&#8217;autre part, CALZADOS PITILLOS, S.A. souligne que les contenus et services de cette page Web, ainsi que les conditions d&#8217;utilisation, peuvent \u00eatre modifi\u00e9s sans pr\u00e9avis.<\/p>\n<p><strong>2. Conditions d&#8217;utilisation.<\/strong><\/p>\n<p>L&#8217;Utilisateur s&#8217;engage, dans les parties dont l&#8217;acc\u00e8s n\u00e9cessite de s&#8217;enregistrer, \u00e0 fournir des informations v\u00e9ridiques, exactes et compl\u00e8tes sur son identit\u00e9. En outre, il s&#8217;engage \u00e0 tenir \u00e0 jour les donn\u00e9es personnelles qui pourraient \u00eatre fournies au propri\u00e9taire du domaine et, de ce fait, l&#8217;unique responsable des falsifications ou inexactitudes qu&#8217;il r\u00e9alise.<\/p>\n<p>Les personnes mineures devront obtenir l&#8217;autorisation de leurs parents, tuteurs ou repr\u00e9sentants l\u00e9gaux afin de pouvoir acc\u00e9der aux services fournis. CALZADOS PITILLOS, S.A. n&#8217;assumera aucune responsabilit\u00e9 en cas de donn\u00e9es erron\u00e9es ou inexactes concernant ce sujet.<\/p>\n<p>Le \u00ab\u00a0portail\u00a0\u00bb ne peut \u00eatre utilis\u00e9 qu&#8217;\u00e0 des fins l\u00e9gitimes, l&#8217;utilisateur s&#8217;engage donc \u00e0 utiliser le portail de fa\u00e7on licite et honn\u00eate, conform\u00e9ment aux pr\u00e9sentes Conditions g\u00e9n\u00e9rales d&#8217;utilisation, \u00e0 NE PAS utiliser les services du \u00ab\u00a0portail\u00a0\u00bb pour effectuer des activit\u00e9s contraires \u00e0 l\u00e9gislation espagnole, \u00e0 la morale et \u00e0 l&#8217;ordre public, en assumant de son c\u00f4t\u00e9 l&#8217;ensemble des responsabilit\u00e9s pour les dommages et pr\u00e9judices subis par le propri\u00e9taire du domaine ou des tiers, qui pourraient r\u00e9sulter de pratiques ill\u00e9gales ou non permises, y compris, sans toutefois s&#8217;y limiter\u00a0:<\/p>\n<ul>\n<li>effectuer des manipulations ou des modifications sur cette page sans l&#8217;accord du propri\u00e9taire du domaine, qui n&#8217;assumera aucune responsabilit\u00e9 susceptible de r\u00e9sulter desdites manipulations ou modifications par des tiers\u00a0;<\/li>\n<li>accomplir une action pouvant endommager, rendre inutilisable, surcharger ou d\u00e9t\u00e9riorer le Portail et les services et\/ou en emp\u00eacher un usage normal et l&#8217;utilisation par les Utilisateurs\u00a0;<\/li>\n<li>introduire et\/ou utiliser des logiciels informatiques, des donn\u00e9es, des fichiers erron\u00e9s, des virus, des codes malveillants, des \u00e9quipements informatiques, de t\u00e9l\u00e9communication ou autre, quelles que soient leurs natures, susceptibles de provoquer des dommages dans le Portail, \u00e0 tout service ou tout autre actif (mat\u00e9riel ou logiciel) des syst\u00e8mes d&#8217;information du propri\u00e9taire du domaine\u00a0;<\/li>\n<li>violer les droits d&#8217;autrui relatifs \u00e0 la vie priv\u00e9e, \u00e0 l&#8217;image, \u00e0 la protection des donn\u00e9es et au secret des communications, \u00e0 la propri\u00e9t\u00e9 intellectuelle et industrielle\u00a0;<\/li>\n<li>dissimuler ou falsifier l&#8217;origine de messages \u00e9lectroniques\u00a0;<\/li>\n<li>utiliser de fausses identit\u00e9s, usurper l&#8217;identit\u00e9 d&#8217;autrui dans l&#8217;utilisation du Portail ou l&#8217;utilisation de l&#8217;un des services\u00a0;<\/li>\n<li>reproduire, distribuer, modifier ou copier le contenu de cette page, \u00e0 moins de disposer de l&#8217;autorisation du propri\u00e9taire du domaine ou d&#8217;y \u00eatre autoris\u00e9 l\u00e9galement\u00a0;<\/li>\n<li>transmettre \u00e0 des tiers non autoris\u00e9s les noms d&#8217;Utilisateur et les clefs d&#8217;acc\u00e8s.<\/li>\n<\/ul>\n<p>CALZADOS PITILLOS, S.A. n&#8217;est pas responsable des liens (LINKS) vers d&#8217;autres pages Web de tiers et leur pr\u00e9sence ne signifie pas que CALZADOS PITILLOS, S.A. approuve ou accepte leurs contenus et services. Ces autres pages Web ne sont ni contr\u00f4l\u00e9es par CALZADOS PITILLOS, S.A. ni vis\u00e9es par la pr\u00e9sente Politique de confidentialit\u00e9. Si vous vous rendez sur d&#8217;autres pages Web en utilisant les liens fournis, les op\u00e9rateurs desdits sites internet pourront collecter vos informations personnelles. Assurez-vous d&#8217;adh\u00e9rer aux politiques de confidentialit\u00e9 de ces pages Web tierces avant de leur fournir quelque type d&#8217;informations que ce soit.<\/p>\n<p>De mani\u00e8re g\u00e9n\u00e9rale, le propri\u00e9taire du domaine n&#8217;assume aucune responsabilit\u00e9 pour les dommages et pr\u00e9judices, quels que soient leurs nature et caract\u00e8re, qui pourraient r\u00e9sulter de l&#8217;utilisation du site Web, et pour les dommages et pr\u00e9judices d\u00e9coulant d&#8217;une violation des droits de propri\u00e9t\u00e9 intellectuelle et industrielle par les utilisateurs et\/ou le manque de v\u00e9racit\u00e9, d&#8217;exactitude et d&#8217;actualit\u00e9 des contenus\u00a0; en outre, aucune responsabilit\u00e9 ne pourra lui \u00eatre imput\u00e9e pour une interruption du service, un fonctionnement inappropri\u00e9 ou une impossibilit\u00e9 d&#8217;acc\u00e8s au service.<\/p>\n<p>Le propri\u00e9taire du domaine ne sera pas tenu responsable des dommages et pr\u00e9judices provoqu\u00e9s par la pr\u00e9sence de virus ou autre logiciel malveillant pouvant causer des alt\u00e9rations dans le syst\u00e8me informatique de l&#8217;Utilisateur.<\/p>\n<p>Le site Web, y compris, sans toutefois s&#8217;y limiter, sa programmation, sa conception, ses logos, son texte et\/ou ses graphiques, est la propri\u00e9t\u00e9 du prestataire ou, le cas \u00e9ch\u00e9ant, dispose d&#8217;une licence ou autorisation des auteurs.<\/p>\n<p>L&#8217;autorisation \u00e9crite pr\u00e9alable du propri\u00e9taire du domaine est n\u00e9cessaire pour toute reproduction totale ou partielle, l&#8217;utilisation, l&#8217;exploitation, la distribution et la commercialisation du contenu du site, ind\u00e9pendamment de l&#8217;objectif auquel elles pourraient \u00eatre destin\u00e9es.<\/p>\n<p>L&#8217;utilisateur s&#8217;engage \u00e0 ne pas enfreindre les droits de propri\u00e9t\u00e9 intellectuelle ou industrielle de l&#8217;auteur par quelque action que ce soit.<\/p>\n<p>Le prestataire autorise express\u00e9ment les tiers \u00e0 pouvoir utiliser des liens redirigeant directement vers des contenus sp\u00e9cifiques du site Web, \u00e0 condition qu&#8217;ils redirigent vers le site Web principal du prestataire.<\/p>\n<p><strong>3. Utilisation des cookies.<\/strong><\/p>\n<p>CALZADOS PITILLOS, S.A., propri\u00e9taire de ce site, d\u00e9clare utiliser des proc\u00e9d\u00e9s automatiques de collecte d&#8217;informations afin de tenir un registre des Utilisateurs qui visitent sa page Web. Cliquez ici pour acc\u00e9der \u00e0 notre <a href=\"http:\/\/www.grupopitillos.com\/es\/politica-de-cookies\/\">politique d&#8217;utilisation des cookies<\/a><\/p>\n<p><strong>4. Protection des donn\u00e9es<\/strong><\/p>\n<p>Cliquez ici pour consulter notre <a href=\"http:\/\/www.grupopitillos.com\/es\/politica-de-proteccion-de-datos\/\">politique relative \u00e0 la protection des donn\u00e9es<\/a> \u00e0 caract\u00e8re personnel dans la section suivante.<\/p>\n<p><strong>5. L\u00e9gislation applicable<\/strong><\/p>\n<p>Les pr\u00e9sentes Conditions sont r\u00e9gies \u00e0 tout moment par les dispositions de la l\u00e9gislation espagnole.<\/p>\n<p>&nbsp;<\/p>\n","protected":false},"excerpt":{"rendered":"<p>En vertu de l&#8217;application de la Loi 34\/2002 du 11\u00a0juillet\u00a02002 relative aux services de la soci\u00e9t\u00e9 de l&#8217;information et du commerce \u00e9lectronique, nous vous informons de ce qui suit\u00a0: Art. 10 LSSI: www.calzadospitillos.com est un nom de domaine internet appartenant \u00e0 CALZADOS PITILLOS, S.A., dont le si\u00e8ge social est\u00a0Carretera de prejano, 46-48\u00a0 26580 \u00a0ARNEDO (province [&hellip;]<\/p>\n","protected":false},"author":6,"featured_media":0,"parent":0,"menu_order":0,"comment_status":"closed","ping_status":"closed","template":"","meta":{"footnotes":""},"class_list":["post-1086","page","type-page","status-publish","hentry"],"yoast_head":"<!-- This site is optimized with the Yoast SEO plugin v24.9 - https:\/\/yoast.com\/wordpress\/plugins\/seo\/ -->\n<title>Mentions l\u00e9gales - Blog Pitillos<\/title>\n<meta name=\"robots\" content=\"index, follow, max-snippet:-1, max-image-preview:large, max-video-preview:-1\" \/>\n<link rel=\"canonical\" href=\"https:\/\/blog.calzadospitillos.com\/fr\/mentions-legales\/\" \/>\n<meta property=\"og:locale\" content=\"fr_FR\" \/>\n<meta property=\"og:type\" content=\"article\" \/>\n<meta property=\"og:title\" content=\"Mentions l\u00e9gales - Blog Pitillos\" \/>\n<meta property=\"og:description\" content=\"En vertu de l&#8217;application de la Loi 34\/2002 du 11\u00a0juillet\u00a02002 relative aux services de la soci\u00e9t\u00e9 de l&#8217;information et du commerce \u00e9lectronique, nous vous informons de ce qui suit\u00a0: Art. 10 LSSI: www.calzadospitillos.com est un nom de domaine internet appartenant \u00e0 CALZADOS PITILLOS, S.A., dont le si\u00e8ge social est\u00a0Carretera de prejano, 46-48\u00a0 26580 \u00a0ARNEDO (province [&hellip;]\" \/>\n<meta property=\"og:url\" content=\"https:\/\/blog.calzadospitillos.com\/fr\/mentions-legales\/\" \/>\n<meta property=\"og:site_name\" content=\"Blog Pitillos\" \/>\n<meta name=\"twitter:card\" content=\"summary_large_image\" \/>\n<meta name=\"twitter:label1\" content=\"Dur\u00e9e de lecture estim\u00e9e\" \/>\n\t<meta name=\"twitter:data1\" content=\"5 minutes\" \/>\n<script type=\"application\/ld+json\" class=\"yoast-schema-graph\">{\"@context\":\"https:\/\/schema.org\",\"@graph\":[{\"@type\":\"WebPage\",\"@id\":\"https:\/\/blog.calzadospitillos.com\/fr\/mentions-legales\/\",\"url\":\"https:\/\/blog.calzadospitillos.com\/fr\/mentions-legales\/\",\"name\":\"Mentions l\u00e9gales - Blog Pitillos\",\"isPartOf\":{\"@id\":\"https:\/\/blog.calzadospitillos.com\/#website\"},\"datePublished\":\"2018-11-20T15:23:00+00:00\",\"breadcrumb\":{\"@id\":\"https:\/\/blog.calzadospitillos.com\/fr\/mentions-legales\/#breadcrumb\"},\"inLanguage\":\"fr-FR\",\"potentialAction\":[{\"@type\":\"ReadAction\",\"target\":[\"https:\/\/blog.calzadospitillos.com\/fr\/mentions-legales\/\"]}]},{\"@type\":\"BreadcrumbList\",\"@id\":\"https:\/\/blog.calzadospitillos.com\/fr\/mentions-legales\/#breadcrumb\",\"itemListElement\":[{\"@type\":\"ListItem\",\"position\":1,\"name\":\"Portada\",\"item\":\"https:\/\/blog.calzadospitillos.com\/fr\/\"},{\"@type\":\"ListItem\",\"position\":2,\"name\":\"Mentions l\u00e9gales\"}]},{\"@type\":\"WebSite\",\"@id\":\"https:\/\/blog.calzadospitillos.com\/#website\",\"url\":\"https:\/\/blog.calzadospitillos.com\/\",\"name\":\"Blog Pitillos\",\"description\":\"El blog de calzados pitillos. Te contamos las &uacute;ltimas tendencias en calzado y lifestyle basadas en nuestra experiencia haciendo calzado desde 1981\",\"publisher\":{\"@id\":\"https:\/\/blog.calzadospitillos.com\/#organization\"},\"potentialAction\":[{\"@type\":\"SearchAction\",\"target\":{\"@type\":\"EntryPoint\",\"urlTemplate\":\"https:\/\/blog.calzadospitillos.com\/?s={search_term_string}\"},\"query-input\":{\"@type\":\"PropertyValueSpecification\",\"valueRequired\":true,\"valueName\":\"search_term_string\"}}],\"inLanguage\":\"fr-FR\"},{\"@type\":\"Organization\",\"@id\":\"https:\/\/blog.calzadospitillos.com\/#organization\",\"name\":\"Pitillos\",\"url\":\"https:\/\/blog.calzadospitillos.com\/\",\"logo\":{\"@type\":\"ImageObject\",\"inLanguage\":\"fr-FR\",\"@id\":\"https:\/\/blog.calzadospitillos.com\/#\/schema\/logo\/image\/\",\"url\":\"https:\/\/blog.calzadospitillos.com\/wp-content\/uploads\/2018\/10\/PIT_LOGO_SIMPLE.png\",\"contentUrl\":\"https:\/\/blog.calzadospitillos.com\/wp-content\/uploads\/2018\/10\/PIT_LOGO_SIMPLE.png\",\"width\":284,\"height\":67,\"caption\":\"Pitillos\"},\"image\":{\"@id\":\"https:\/\/blog.calzadospitillos.com\/#\/schema\/logo\/image\/\"},\"sameAs\":[\"https:\/\/www.pinterest.es\/calzadospitillos\/\"]}]}<\/script>\n<!-- \/ Yoast SEO plugin. -->","yoast_head_json":{"title":"Mentions l\u00e9gales - Blog Pitillos","robots":{"index":"index","follow":"follow","max-snippet":"max-snippet:-1","max-image-preview":"max-image-preview:large","max-video-preview":"max-video-preview:-1"},"canonical":"https:\/\/blog.calzadospitillos.com\/fr\/mentions-legales\/","og_locale":"fr_FR","og_type":"article","og_title":"Mentions l\u00e9gales - Blog Pitillos","og_description":"En vertu de l&#8217;application de la Loi 34\/2002 du 11\u00a0juillet\u00a02002 relative aux services de la soci\u00e9t\u00e9 de l&#8217;information et du commerce \u00e9lectronique, nous vous informons de ce qui suit\u00a0: Art. 10 LSSI: www.calzadospitillos.com est un nom de domaine internet appartenant \u00e0 CALZADOS PITILLOS, S.A., dont le si\u00e8ge social est\u00a0Carretera de prejano, 46-48\u00a0 26580 \u00a0ARNEDO (province [&hellip;]","og_url":"https:\/\/blog.calzadospitillos.com\/fr\/mentions-legales\/","og_site_name":"Blog Pitillos","twitter_card":"summary_large_image","twitter_misc":{"Dur\u00e9e de lecture estim\u00e9e":"5 minutes"},"schema":{"@context":"https:\/\/schema.org","@graph":[{"@type":"WebPage","@id":"https:\/\/blog.calzadospitillos.com\/fr\/mentions-legales\/","url":"https:\/\/blog.calzadospitillos.com\/fr\/mentions-legales\/","name":"Mentions l\u00e9gales - Blog Pitillos","isPartOf":{"@id":"https:\/\/blog.calzadospitillos.com\/#website"},"datePublished":"2018-11-20T15:23:00+00:00","breadcrumb":{"@id":"https:\/\/blog.calzadospitillos.com\/fr\/mentions-legales\/#breadcrumb"},"inLanguage":"fr-FR","potentialAction":[{"@type":"ReadAction","target":["https:\/\/blog.calzadospitillos.com\/fr\/mentions-legales\/"]}]},{"@type":"BreadcrumbList","@id":"https:\/\/blog.calzadospitillos.com\/fr\/mentions-legales\/#breadcrumb","itemListElement":[{"@type":"ListItem","position":1,"name":"Portada","item":"https:\/\/blog.calzadospitillos.com\/fr\/"},{"@type":"ListItem","position":2,"name":"Mentions l\u00e9gales"}]},{"@type":"WebSite","@id":"https:\/\/blog.calzadospitillos.com\/#website","url":"https:\/\/blog.calzadospitillos.com\/","name":"Blog Pitillos","description":"El blog de calzados pitillos. Te contamos las &uacute;ltimas tendencias en calzado y lifestyle basadas en nuestra experiencia haciendo calzado desde 1981","publisher":{"@id":"https:\/\/blog.calzadospitillos.com\/#organization"},"potentialAction":[{"@type":"SearchAction","target":{"@type":"EntryPoint","urlTemplate":"https:\/\/blog.calzadospitillos.com\/?s={search_term_string}"},"query-input":{"@type":"PropertyValueSpecification","valueRequired":true,"valueName":"search_term_string"}}],"inLanguage":"fr-FR"},{"@type":"Organization","@id":"https:\/\/blog.calzadospitillos.com\/#organization","name":"Pitillos","url":"https:\/\/blog.calzadospitillos.com\/","logo":{"@type":"ImageObject","inLanguage":"fr-FR","@id":"https:\/\/blog.calzadospitillos.com\/#\/schema\/logo\/image\/","url":"https:\/\/blog.calzadospitillos.com\/wp-content\/uploads\/2018\/10\/PIT_LOGO_SIMPLE.png","contentUrl":"https:\/\/blog.calzadospitillos.com\/wp-content\/uploads\/2018\/10\/PIT_LOGO_SIMPLE.png","width":284,"height":67,"caption":"Pitillos"},"image":{"@id":"https:\/\/blog.calzadospitillos.com\/#\/schema\/logo\/image\/"},"sameAs":["https:\/\/www.pinterest.es\/calzadospitillos\/"]}]}},"_links":{"self":[{"href":"https:\/\/blog.calzadospitillos.com\/fr\/wp-json\/wp\/v2\/pages\/1086","targetHints":{"allow":["GET"]}}],"collection":[{"href":"https:\/\/blog.calzadospitillos.com\/fr\/wp-json\/wp\/v2\/pages"}],"about":[{"href":"https:\/\/blog.calzadospitillos.com\/fr\/wp-json\/wp\/v2\/types\/page"}],"author":[{"embeddable":true,"href":"https:\/\/blog.calzadospitillos.com\/fr\/wp-json\/wp\/v2\/users\/6"}],"replies":[{"embeddable":true,"href":"https:\/\/blog.calzadospitillos.com\/fr\/wp-json\/wp\/v2\/comments?post=1086"}],"version-history":[{"count":0,"href":"https:\/\/blog.calzadospitillos.com\/fr\/wp-json\/wp\/v2\/pages\/1086\/revisions"}],"wp:attachment":[{"href":"https:\/\/blog.calzadospitillos.com\/fr\/wp-json\/wp\/v2\/media?parent=1086"}],"curies":[{"name":"wp","href":"https:\/\/api.w.org\/{rel}","templated":true}]}}