{"id":1737,"date":"2019-04-01T19:08:03","date_gmt":"2019-04-01T17:08:03","guid":{"rendered":"https:\/\/blog.calzadospitillos.com\/?page_id=1737"},"modified":"2019-04-02T13:41:26","modified_gmt":"2019-04-02T11:41:26","slug":"contact","status":"publish","type":"page","link":"https:\/\/blog.calzadospitillos.com\/fr\/contact\/","title":{"rendered":"Contact"},"content":{"rendered":"<p>[vc_row][vc_column][vc_column_text]<\/p>\n<h2>REMPLISSEZ LE FORMULAIRE POUR NOUS CONTACTER<\/h2>\n<p style=\"margin-bottom: 0px;\">Nous misons sur les nouvelles technologies pour garantir le remplacement des stocks en moins de 8 jours. Nous savons que le march\u00e9 et l\u2019importance de la logistique dans le monde de la mode constituent une valeur ajout\u00e9e dans la cha\u00eene du service \u00e0 la client\u00e8le.<\/p>\n<p style=\"background-image: initial; background-position: initial; background-size: initial; background-repeat: initial; background-attachment: initial; background-origin: initial; background-clip: initial; border: 0px; margin-top: 15px; margin-bottom: 0px; padding: 0px; vertical-align: baseline; outline: none; color: #545454; font-family: 'Open Sans', sans-serif;\">Et si vous \u00eates int\u00e9ress\u00e9 \u00e0 devenir un client de nos marques, contactez notre service commercial via le formulaire ci-dessous. Le responsable commercial de votre r\u00e9gion vous contactera sous peu.<\/p>\n<p style=\"background-image: initial; background-position: initial; background-size: initial; background-repeat: initial; background-attachment: initial; background-origin: initial; background-clip: initial; border: 0px; margin-top: 15px; margin-bottom: 0px; padding: 0px; vertical-align: baseline; outline: none; color: #545454; font-family: 'Open Sans', sans-serif;\"><div role=\"form\" class=\"wpcf7\" id=\"wpcf7-f1775-o1\" lang=\"fr-FR\" dir=\"ltr\">\n<div class=\"screen-reader-response\"><p role=\"status\" aria-live=\"polite\" aria-atomic=\"true\"><\/p> <ul><\/ul><\/div>\n<form action=\"\/fr\/wp-json\/wp\/v2\/pages\/1737#wpcf7-f1775-o1\" method=\"post\" class=\"wpcf7-form init\" novalidate=\"novalidate\" data-status=\"init\">\n<div style=\"display: none;\">\n<input type=\"hidden\" name=\"_wpcf7\" value=\"1775\" \/>\n<input type=\"hidden\" name=\"_wpcf7_version\" value=\"5.6\" \/>\n<input type=\"hidden\" name=\"_wpcf7_locale\" value=\"fr_FR\" \/>\n<input type=\"hidden\" name=\"_wpcf7_unit_tag\" value=\"wpcf7-f1775-o1\" \/>\n<input type=\"hidden\" name=\"_wpcf7_container_post\" value=\"0\" \/>\n<input type=\"hidden\" name=\"_wpcf7_posted_data_hash\" value=\"\" \/>\n<input type=\"hidden\" name=\"_wpcf7_recaptcha_response\" value=\"\" \/>\n<\/div>\n<div class=\"row clearfix\">\n<div class=\"col-md-6 col-sm-6 col-xs-12 form-group\">\n<span class=\"wpcf7-form-control-wrap\" data-name=\"Nom\"><input type=\"text\" name=\"Nom\" value=\"\" size=\"40\" class=\"wpcf7-form-control wpcf7-text wpcf7-validates-as-required\" aria-required=\"true\" aria-invalid=\"false\" placeholder=\"Nom\" \/><\/span>\n<\/div>\n<div class=\"col-md-6 col-sm-6 col-xs-12 form-group\">\n\n<\/div>\n<div class=\"col-md-6 col-sm-6 col-xs-12 form-group\">\n<span class=\"wpcf7-form-control-wrap\" data-name=\"email\"><input type=\"email\" name=\"email\" value=\"\" size=\"40\" class=\"wpcf7-form-control wpcf7-text wpcf7-email wpcf7-validates-as-required wpcf7-validates-as-email\" aria-required=\"true\" aria-invalid=\"false\" placeholder=\"Email\" \/><\/span>\n<\/div>\n<div class=\"col-md-6 col-sm-6 col-xs-12 form-group\">\n\n<\/div>\n<div class=\"col-md-12 col-sm-12 col-xs-12 form-group\">\n<span class=\"wpcf7-form-control-wrap\" data-name=\"tipomotivo\"><span class=\"wpcf7-form-control wpcf7-radio\"><span class=\"wpcf7-list-item first\"><input type=\"radio\" name=\"tipomotivo\" value=\"Contact\" checked=\"checked\" \/><span class=\"wpcf7-list-item-label\">Contact<\/span><\/span><span class=\"wpcf7-list-item last\"><input type=\"radio\" name=\"tipomotivo\" value=\"Opportunit\u00e9 d&#039;affaires\" \/><span class=\"wpcf7-list-item-label\">Opportunit\u00e9 d&#039;affaires<\/span><\/span><\/span><\/span>\n<\/div>\n<div class=\"col-md-12 col-sm-12 col-xs-12 form-group\">\n<span class=\"wpcf7-form-control-wrap\" data-name=\"Sujet\"><input type=\"text\" name=\"Sujet\" value=\"\" size=\"40\" class=\"wpcf7-form-control wpcf7-text wpcf7-validates-as-required\" aria-required=\"true\" aria-invalid=\"false\" placeholder=\"Sujet\" \/><\/span>\n<\/div>\n<div class=\"col-lg-12 col-md-12 col-sm-12 col-xs-12 form-group\">\n<span class=\"wpcf7-form-control-wrap\" data-name=\"message\"><textarea name=\"message\" cols=\"40\" rows=\"10\" class=\"wpcf7-form-control wpcf7-textarea wpcf7-validates-as-required\" aria-required=\"true\" aria-invalid=\"false\" placeholder=\"Message\"><\/textarea><\/span>\n<\/div>\n<div class=\"col-lg-12 col-md-12 col-sm-12 col-xs-12 form-group\">\n<p style=\"font-size:10px!important;\">\nInformations de base sur la protection des donn\u00e9es:<\/br><br \/>\n<strong>Responsable:<\/strong> CALZADOS PITILLOS, S.A.<br \/>\n<strong><br \/>\nBut et l\u00e9gitimation:<\/strong><br \/>\nNous devons utiliser vos donn\u00e9es pour contacter afin d'offrir le service demand\u00e9 via ce formulaire.<br \/>\n<strong> Destinataires:<\/strong><br \/>\nNous engageons des fournisseurs au sein de l'Union europ\u00e9enne qui nous apportent leur soutien pour le service et la maintenance de la plate-forme. Nous le faisons avec les garanties appropri\u00e9es et en veillant \u00e0 la s\u00e9curit\u00e9 de vos donn\u00e9es.<br \/>\n<strong>Derechos:<\/strong><br \/>\nVous avez le droit d'acc\u00e9der \u00e0 vos donn\u00e9es, de les rectifier ou de les effacer, ainsi que d'autres droits, comme indiqu\u00e9 dans les informations suppl\u00e9mentaires.<br \/>\n<\/br><br \/>\nPour plus d'informations, consultez notre <a href=\"https:\/\/blog.calzadospitillos.com\/fr\/protection-des-donnees\/\" target=\u201d_blank\u201d><br \/>\nPolitique de confidentialit\u00e9 et protection des donn\u00e9es<\/a>.\n<\/p>\n<p><span class=\"wpcf7-form-control-wrap wpgdprc\"><span class=\"wpcf7-form-control wpcf7-validates-as-required wpcf7-wpgdprc\"><span class=\"wpcf7-list-item\"><input type=\"checkbox\" name=\"wpgdprc\" value=\"1\" aria-required=\"true\" aria-invalid=\"false\" \/><span class=\"wpcf7-list-item-label\">J&#039;ai lu et accepte la protection des donn\u00e9es<\/span><\/span><\/span>    <\/span><\/p>\n<\/div>\n<div><input type=\"submit\" value=\"Envoyer\" class=\"wpcf7-form-control has-spinner wpcf7-submit theme-btn btn-style-one\" \/>\n<\/div>\n<\/div>\n<div class=\"wpcf7-response-output\" aria-hidden=\"true\"><\/div><\/form><\/div>\n<p>[\/vc_column_text][\/vc_column][\/vc_row]<\/p>\n","protected":false},"excerpt":{"rendered":"<p>[vc_row][vc_column][vc_column_text] REMPLISSEZ LE FORMULAIRE POUR NOUS CONTACTER Nous misons sur les nouvelles technologies pour garantir le remplacement des stocks en moins de 8 jours. Nous savons que le march\u00e9 et l\u2019importance de la logistique dans le monde de la mode constituent une valeur ajout\u00e9e dans la cha\u00eene du service \u00e0 la client\u00e8le. Et si vous [&hellip;]<\/p>\n","protected":false},"author":6,"featured_media":0,"parent":0,"menu_order":0,"comment_status":"open","ping_status":"closed","template":"page-pagebuilder-title.php","meta":{"footnotes":""},"class_list":["post-1737","page","type-page","status-publish","hentry"],"yoast_head":"<!-- This site is optimized with the Yoast SEO plugin v24.9 - https:\/\/yoast.com\/wordpress\/plugins\/seo\/ -->\n<title>Contact - Blog Pitillos<\/title>\n<meta name=\"robots\" content=\"index, follow, max-snippet:-1, max-image-preview:large, max-video-preview:-1\" \/>\n<link rel=\"canonical\" href=\"https:\/\/blog.calzadospitillos.com\/fr\/contact\/\" \/>\n<meta property=\"og:locale\" content=\"fr_FR\" \/>\n<meta property=\"og:type\" content=\"article\" \/>\n<meta property=\"og:title\" content=\"Contact - Blog Pitillos\" \/>\n<meta property=\"og:description\" content=\"[vc_row][vc_column][vc_column_text] REMPLISSEZ LE FORMULAIRE POUR NOUS CONTACTER Nous misons sur les nouvelles technologies pour garantir le remplacement des stocks en moins de 8 jours. Nous savons que le march\u00e9 et l\u2019importance de la logistique dans le monde de la mode constituent une valeur ajout\u00e9e dans la cha\u00eene du service \u00e0 la client\u00e8le. Et si vous [&hellip;]\" \/>\n<meta property=\"og:url\" content=\"https:\/\/blog.calzadospitillos.com\/fr\/contact\/\" \/>\n<meta property=\"og:site_name\" content=\"Blog Pitillos\" \/>\n<meta property=\"article:modified_time\" content=\"2019-04-02T11:41:26+00:00\" \/>\n<meta name=\"twitter:card\" content=\"summary_large_image\" \/>\n<meta name=\"twitter:label1\" content=\"Dur\u00e9e de lecture estim\u00e9e\" \/>\n\t<meta name=\"twitter:data1\" content=\"1 minute\" \/>\n<script type=\"application\/ld+json\" class=\"yoast-schema-graph\">{\"@context\":\"https:\/\/schema.org\",\"@graph\":[{\"@type\":\"WebPage\",\"@id\":\"https:\/\/blog.calzadospitillos.com\/fr\/contact\/\",\"url\":\"https:\/\/blog.calzadospitillos.com\/fr\/contact\/\",\"name\":\"Contact - Blog Pitillos\",\"isPartOf\":{\"@id\":\"https:\/\/blog.calzadospitillos.com\/#website\"},\"datePublished\":\"2019-04-01T17:08:03+00:00\",\"dateModified\":\"2019-04-02T11:41:26+00:00\",\"breadcrumb\":{\"@id\":\"https:\/\/blog.calzadospitillos.com\/fr\/contact\/#breadcrumb\"},\"inLanguage\":\"fr-FR\",\"potentialAction\":[{\"@type\":\"ReadAction\",\"target\":[\"https:\/\/blog.calzadospitillos.com\/fr\/contact\/\"]}]},{\"@type\":\"BreadcrumbList\",\"@id\":\"https:\/\/blog.calzadospitillos.com\/fr\/contact\/#breadcrumb\",\"itemListElement\":[{\"@type\":\"ListItem\",\"position\":1,\"name\":\"Portada\",\"item\":\"https:\/\/blog.calzadospitillos.com\/fr\/\"},{\"@type\":\"ListItem\",\"position\":2,\"name\":\"Contact\"}]},{\"@type\":\"WebSite\",\"@id\":\"https:\/\/blog.calzadospitillos.com\/#website\",\"url\":\"https:\/\/blog.calzadospitillos.com\/\",\"name\":\"Blog Pitillos\",\"description\":\"El blog de calzados pitillos. Te contamos las &uacute;ltimas tendencias en calzado y lifestyle basadas en nuestra experiencia haciendo calzado desde 1981\",\"publisher\":{\"@id\":\"https:\/\/blog.calzadospitillos.com\/#organization\"},\"potentialAction\":[{\"@type\":\"SearchAction\",\"target\":{\"@type\":\"EntryPoint\",\"urlTemplate\":\"https:\/\/blog.calzadospitillos.com\/?s={search_term_string}\"},\"query-input\":{\"@type\":\"PropertyValueSpecification\",\"valueRequired\":true,\"valueName\":\"search_term_string\"}}],\"inLanguage\":\"fr-FR\"},{\"@type\":\"Organization\",\"@id\":\"https:\/\/blog.calzadospitillos.com\/#organization\",\"name\":\"Pitillos\",\"url\":\"https:\/\/blog.calzadospitillos.com\/\",\"logo\":{\"@type\":\"ImageObject\",\"inLanguage\":\"fr-FR\",\"@id\":\"https:\/\/blog.calzadospitillos.com\/#\/schema\/logo\/image\/\",\"url\":\"https:\/\/blog.calzadospitillos.com\/wp-content\/uploads\/2018\/10\/PIT_LOGO_SIMPLE.png\",\"contentUrl\":\"https:\/\/blog.calzadospitillos.com\/wp-content\/uploads\/2018\/10\/PIT_LOGO_SIMPLE.png\",\"width\":284,\"height\":67,\"caption\":\"Pitillos\"},\"image\":{\"@id\":\"https:\/\/blog.calzadospitillos.com\/#\/schema\/logo\/image\/\"},\"sameAs\":[\"https:\/\/www.pinterest.es\/calzadospitillos\/\"]}]}<\/script>\n<!-- \/ Yoast SEO plugin. -->","yoast_head_json":{"title":"Contact - Blog Pitillos","robots":{"index":"index","follow":"follow","max-snippet":"max-snippet:-1","max-image-preview":"max-image-preview:large","max-video-preview":"max-video-preview:-1"},"canonical":"https:\/\/blog.calzadospitillos.com\/fr\/contact\/","og_locale":"fr_FR","og_type":"article","og_title":"Contact - Blog Pitillos","og_description":"[vc_row][vc_column][vc_column_text] REMPLISSEZ LE FORMULAIRE POUR NOUS CONTACTER Nous misons sur les nouvelles technologies pour garantir le remplacement des stocks en moins de 8 jours. Nous savons que le march\u00e9 et l\u2019importance de la logistique dans le monde de la mode constituent une valeur ajout\u00e9e dans la cha\u00eene du service \u00e0 la client\u00e8le. Et si vous [&hellip;]","og_url":"https:\/\/blog.calzadospitillos.com\/fr\/contact\/","og_site_name":"Blog Pitillos","article_modified_time":"2019-04-02T11:41:26+00:00","twitter_card":"summary_large_image","twitter_misc":{"Dur\u00e9e de lecture estim\u00e9e":"1 minute"},"schema":{"@context":"https:\/\/schema.org","@graph":[{"@type":"WebPage","@id":"https:\/\/blog.calzadospitillos.com\/fr\/contact\/","url":"https:\/\/blog.calzadospitillos.com\/fr\/contact\/","name":"Contact - Blog Pitillos","isPartOf":{"@id":"https:\/\/blog.calzadospitillos.com\/#website"},"datePublished":"2019-04-01T17:08:03+00:00","dateModified":"2019-04-02T11:41:26+00:00","breadcrumb":{"@id":"https:\/\/blog.calzadospitillos.com\/fr\/contact\/#breadcrumb"},"inLanguage":"fr-FR","potentialAction":[{"@type":"ReadAction","target":["https:\/\/blog.calzadospitillos.com\/fr\/contact\/"]}]},{"@type":"BreadcrumbList","@id":"https:\/\/blog.calzadospitillos.com\/fr\/contact\/#breadcrumb","itemListElement":[{"@type":"ListItem","position":1,"name":"Portada","item":"https:\/\/blog.calzadospitillos.com\/fr\/"},{"@type":"ListItem","position":2,"name":"Contact"}]},{"@type":"WebSite","@id":"https:\/\/blog.calzadospitillos.com\/#website","url":"https:\/\/blog.calzadospitillos.com\/","name":"Blog Pitillos","description":"El blog de calzados pitillos. Te contamos las &uacute;ltimas tendencias en calzado y lifestyle basadas en nuestra experiencia haciendo calzado desde 1981","publisher":{"@id":"https:\/\/blog.calzadospitillos.com\/#organization"},"potentialAction":[{"@type":"SearchAction","target":{"@type":"EntryPoint","urlTemplate":"https:\/\/blog.calzadospitillos.com\/?s={search_term_string}"},"query-input":{"@type":"PropertyValueSpecification","valueRequired":true,"valueName":"search_term_string"}}],"inLanguage":"fr-FR"},{"@type":"Organization","@id":"https:\/\/blog.calzadospitillos.com\/#organization","name":"Pitillos","url":"https:\/\/blog.calzadospitillos.com\/","logo":{"@type":"ImageObject","inLanguage":"fr-FR","@id":"https:\/\/blog.calzadospitillos.com\/#\/schema\/logo\/image\/","url":"https:\/\/blog.calzadospitillos.com\/wp-content\/uploads\/2018\/10\/PIT_LOGO_SIMPLE.png","contentUrl":"https:\/\/blog.calzadospitillos.com\/wp-content\/uploads\/2018\/10\/PIT_LOGO_SIMPLE.png","width":284,"height":67,"caption":"Pitillos"},"image":{"@id":"https:\/\/blog.calzadospitillos.com\/#\/schema\/logo\/image\/"},"sameAs":["https:\/\/www.pinterest.es\/calzadospitillos\/"]}]}},"_links":{"self":[{"href":"https:\/\/blog.calzadospitillos.com\/fr\/wp-json\/wp\/v2\/pages\/1737","targetHints":{"allow":["GET"]}}],"collection":[{"href":"https:\/\/blog.calzadospitillos.com\/fr\/wp-json\/wp\/v2\/pages"}],"about":[{"href":"https:\/\/blog.calzadospitillos.com\/fr\/wp-json\/wp\/v2\/types\/page"}],"author":[{"embeddable":true,"href":"https:\/\/blog.calzadospitillos.com\/fr\/wp-json\/wp\/v2\/users\/6"}],"replies":[{"embeddable":true,"href":"https:\/\/blog.calzadospitillos.com\/fr\/wp-json\/wp\/v2\/comments?post=1737"}],"version-history":[{"count":4,"href":"https:\/\/blog.calzadospitillos.com\/fr\/wp-json\/wp\/v2\/pages\/1737\/revisions"}],"predecessor-version":[{"id":1776,"href":"https:\/\/blog.calzadospitillos.com\/fr\/wp-json\/wp\/v2\/pages\/1737\/revisions\/1776"}],"wp:attachment":[{"href":"https:\/\/blog.calzadospitillos.com\/fr\/wp-json\/wp\/v2\/media?parent=1737"}],"curies":[{"name":"wp","href":"https:\/\/api.w.org\/{rel}","templated":true}]}}