{"id":1090,"date":"2018-11-20T15:44:35","date_gmt":"2018-11-20T15:44:35","guid":{"rendered":"https:\/\/blog.calzadospitillos.com\/tutela-dei-dati-personali\/"},"modified":"2018-11-20T15:44:35","modified_gmt":"2018-11-20T15:44:35","slug":"tutela-dei-dati-personali","status":"publish","type":"page","link":"https:\/\/blog.calzadospitillos.com\/it\/tutela-dei-dati-personali\/","title":{"rendered":"Tutela dei dati personali"},"content":{"rendered":"<p>La creazione e il mantenimento delle nostre pagine social network hanno come obiettivo lo scambio di informazioni, conformemente alle regole di rispetto di tutti gli utenti, in qualsiasi momento.<\/p>\n<p>I social network sono strumenti aperti e, in virt\u00f9 di questa loro natura, non sarebbe logico creare delle restrizioni al flusso di commenti, post, immagini, etc. Per tale ragione \u00e8 necessario sottolineare, come premessa, che il contenuto apportato dagli utenti \u00e8 esclusiva responsabilit\u00e0 di questi ultimi. Non possiamo dunque assumerci la responsabilit\u00e0 delle opinioni pubblicate dagli utenti n\u00e9 della veridicit\u00e0 ed esattezza dei loro contenuti.<\/p>\n<p>Allo stesso modo sottolineiamo che i social network sono e restano propriet\u00e0 di ciascun fornitore; noi ne facciamo uso cos\u00ec come un qualsiasi altro utente. Ci impegniamo a stabilire profili di riservatezza e norme d\u2019uso nei limiti del possibile, sempre in qualit\u00e0 di utenti.<\/p>\n<p>Qui di seguito indichiamo una serie di linee guida che sicuramente aiuteranno tutti noi a godersi e fare buon uso di questi strumenti:<\/p>\n<ol>\n<li>I social network sono pubblici e quindi l\u2019utente deve accettare che il contenuto che pubblicher\u00e0 potr\u00e0 essere visto da altri utenti, entro i limiti personalmente determinati nella sezione privacy del suo profilo ed entro quelli che lo strumento offre.<\/li>\n<li>Tutte le opinioni, i commenti, le notizie pubblicati dall\u2019utente devono contribuire al principio generale di scambio di informazioni. In nessun caso sar\u00e0 permesso polemizzare od offendere terzi. Nel caso in cui si verificasse una delle suddette circostanze, ci riserviamo il diritto di eliminare la voce dal nostro profilo. Allo stesso modo verranno eliminate tutte le informazioni che considereremo illegali o che possano cagionare danni a noi o al resto degli utenti.<\/li>\n<li>Non \u00e8 permesso utilizzare questo profilo per attivit\u00e0 commerciali, per promozioni professionali o, in generale, per pubblicit\u00e0.<\/li>\n<li>Se e quando l\u2019utente pubblicher\u00e0 materiale proprio come fotografie, testi, etc., dovr\u00e0 essere consapevole che, per il mero fatto di aver pubblicato il materiale sul nostro profilo, ci sta concedendo l\u2019autorizzazione per farne uso. In virt\u00f9 delle caratteristiche dei social network, ricordiamo che qualsiasi altro utente, oltre a noi, potrebbe accedere al suddetto materiale. Per quanto ci riguarda ci impegniamo a citare l\u2019autore del materiale nei possibili usi futuri che ne faremo.<\/li>\n<li>I loghi, le informazioni aziendali e i contenuti generali da noi pubblicati sono di nostra propriet\u00e0 e, dunque, ne riserviamo tutti i diritti di propriet\u00e0 intellettuale e commerciale. L\u2019utente \u00e8 tenuto al rispetto dei principi sopraindicati.<\/li>\n<\/ol>\n<p>&nbsp;<\/p>\n","protected":false},"excerpt":{"rendered":"<p>La creazione e il mantenimento delle nostre pagine social network hanno come obiettivo lo scambio di informazioni, conformemente alle regole di rispetto di tutti gli utenti, in qualsiasi momento. I social network sono strumenti aperti e, in virt\u00f9 di questa loro natura, non sarebbe logico creare delle restrizioni al flusso di commenti, post, immagini, etc. [&hellip;]<\/p>\n","protected":false},"author":6,"featured_media":0,"parent":0,"menu_order":0,"comment_status":"closed","ping_status":"closed","template":"","meta":{"footnotes":""},"class_list":["post-1090","page","type-page","status-publish","hentry"],"yoast_head":"<!-- This site is optimized with the Yoast SEO plugin v24.9 - https:\/\/yoast.com\/wordpress\/plugins\/seo\/ -->\n<title>Tutela dei dati personali - Blog Pitillos<\/title>\n<meta name=\"robots\" content=\"index, follow, max-snippet:-1, max-image-preview:large, max-video-preview:-1\" \/>\n<link rel=\"canonical\" href=\"https:\/\/blog.calzadospitillos.com\/it\/tutela-dei-dati-personali\/\" \/>\n<meta property=\"og:locale\" content=\"it_IT\" \/>\n<meta property=\"og:type\" content=\"article\" \/>\n<meta property=\"og:title\" content=\"Tutela dei dati personali - Blog Pitillos\" \/>\n<meta property=\"og:description\" content=\"La creazione e il mantenimento delle nostre pagine social network hanno come obiettivo lo scambio di informazioni, conformemente alle regole di rispetto di tutti gli utenti, in qualsiasi momento. I social network sono strumenti aperti e, in virt\u00f9 di questa loro natura, non sarebbe logico creare delle restrizioni al flusso di commenti, post, immagini, etc. [&hellip;]\" \/>\n<meta property=\"og:url\" content=\"https:\/\/blog.calzadospitillos.com\/it\/tutela-dei-dati-personali\/\" \/>\n<meta property=\"og:site_name\" content=\"Blog Pitillos\" \/>\n<meta name=\"twitter:card\" content=\"summary_large_image\" \/>\n<meta name=\"twitter:label1\" content=\"Tempo di lettura stimato\" \/>\n\t<meta name=\"twitter:data1\" content=\"2 minuti\" \/>\n<script type=\"application\/ld+json\" class=\"yoast-schema-graph\">{\"@context\":\"https:\/\/schema.org\",\"@graph\":[{\"@type\":\"WebPage\",\"@id\":\"https:\/\/blog.calzadospitillos.com\/it\/tutela-dei-dati-personali\/\",\"url\":\"https:\/\/blog.calzadospitillos.com\/it\/tutela-dei-dati-personali\/\",\"name\":\"Tutela dei dati personali - Blog Pitillos\",\"isPartOf\":{\"@id\":\"https:\/\/blog.calzadospitillos.com\/#website\"},\"datePublished\":\"2018-11-20T15:44:35+00:00\",\"breadcrumb\":{\"@id\":\"https:\/\/blog.calzadospitillos.com\/it\/tutela-dei-dati-personali\/#breadcrumb\"},\"inLanguage\":\"it-IT\",\"potentialAction\":[{\"@type\":\"ReadAction\",\"target\":[\"https:\/\/blog.calzadospitillos.com\/it\/tutela-dei-dati-personali\/\"]}]},{\"@type\":\"BreadcrumbList\",\"@id\":\"https:\/\/blog.calzadospitillos.com\/it\/tutela-dei-dati-personali\/#breadcrumb\",\"itemListElement\":[{\"@type\":\"ListItem\",\"position\":1,\"name\":\"Portada\",\"item\":\"https:\/\/blog.calzadospitillos.com\/it\/\"},{\"@type\":\"ListItem\",\"position\":2,\"name\":\"Tutela dei dati personali\"}]},{\"@type\":\"WebSite\",\"@id\":\"https:\/\/blog.calzadospitillos.com\/#website\",\"url\":\"https:\/\/blog.calzadospitillos.com\/\",\"name\":\"Blog Pitillos\",\"description\":\"El blog de calzados pitillos. Te contamos las &uacute;ltimas tendencias en calzado y lifestyle basadas en nuestra experiencia haciendo calzado desde 1981\",\"publisher\":{\"@id\":\"https:\/\/blog.calzadospitillos.com\/#organization\"},\"potentialAction\":[{\"@type\":\"SearchAction\",\"target\":{\"@type\":\"EntryPoint\",\"urlTemplate\":\"https:\/\/blog.calzadospitillos.com\/?s={search_term_string}\"},\"query-input\":{\"@type\":\"PropertyValueSpecification\",\"valueRequired\":true,\"valueName\":\"search_term_string\"}}],\"inLanguage\":\"it-IT\"},{\"@type\":\"Organization\",\"@id\":\"https:\/\/blog.calzadospitillos.com\/#organization\",\"name\":\"Pitillos\",\"url\":\"https:\/\/blog.calzadospitillos.com\/\",\"logo\":{\"@type\":\"ImageObject\",\"inLanguage\":\"it-IT\",\"@id\":\"https:\/\/blog.calzadospitillos.com\/#\/schema\/logo\/image\/\",\"url\":\"https:\/\/blog.calzadospitillos.com\/wp-content\/uploads\/2018\/10\/PIT_LOGO_SIMPLE.png\",\"contentUrl\":\"https:\/\/blog.calzadospitillos.com\/wp-content\/uploads\/2018\/10\/PIT_LOGO_SIMPLE.png\",\"width\":284,\"height\":67,\"caption\":\"Pitillos\"},\"image\":{\"@id\":\"https:\/\/blog.calzadospitillos.com\/#\/schema\/logo\/image\/\"},\"sameAs\":[\"https:\/\/www.pinterest.es\/calzadospitillos\/\"]}]}<\/script>\n<!-- \/ Yoast SEO plugin. -->","yoast_head_json":{"title":"Tutela dei dati personali - Blog Pitillos","robots":{"index":"index","follow":"follow","max-snippet":"max-snippet:-1","max-image-preview":"max-image-preview:large","max-video-preview":"max-video-preview:-1"},"canonical":"https:\/\/blog.calzadospitillos.com\/it\/tutela-dei-dati-personali\/","og_locale":"it_IT","og_type":"article","og_title":"Tutela dei dati personali - Blog Pitillos","og_description":"La creazione e il mantenimento delle nostre pagine social network hanno come obiettivo lo scambio di informazioni, conformemente alle regole di rispetto di tutti gli utenti, in qualsiasi momento. I social network sono strumenti aperti e, in virt\u00f9 di questa loro natura, non sarebbe logico creare delle restrizioni al flusso di commenti, post, immagini, etc. [&hellip;]","og_url":"https:\/\/blog.calzadospitillos.com\/it\/tutela-dei-dati-personali\/","og_site_name":"Blog Pitillos","twitter_card":"summary_large_image","twitter_misc":{"Tempo di lettura stimato":"2 minuti"},"schema":{"@context":"https:\/\/schema.org","@graph":[{"@type":"WebPage","@id":"https:\/\/blog.calzadospitillos.com\/it\/tutela-dei-dati-personali\/","url":"https:\/\/blog.calzadospitillos.com\/it\/tutela-dei-dati-personali\/","name":"Tutela dei dati personali - Blog Pitillos","isPartOf":{"@id":"https:\/\/blog.calzadospitillos.com\/#website"},"datePublished":"2018-11-20T15:44:35+00:00","breadcrumb":{"@id":"https:\/\/blog.calzadospitillos.com\/it\/tutela-dei-dati-personali\/#breadcrumb"},"inLanguage":"it-IT","potentialAction":[{"@type":"ReadAction","target":["https:\/\/blog.calzadospitillos.com\/it\/tutela-dei-dati-personali\/"]}]},{"@type":"BreadcrumbList","@id":"https:\/\/blog.calzadospitillos.com\/it\/tutela-dei-dati-personali\/#breadcrumb","itemListElement":[{"@type":"ListItem","position":1,"name":"Portada","item":"https:\/\/blog.calzadospitillos.com\/it\/"},{"@type":"ListItem","position":2,"name":"Tutela dei dati personali"}]},{"@type":"WebSite","@id":"https:\/\/blog.calzadospitillos.com\/#website","url":"https:\/\/blog.calzadospitillos.com\/","name":"Blog Pitillos","description":"El blog de calzados pitillos. Te contamos las &uacute;ltimas tendencias en calzado y lifestyle basadas en nuestra experiencia haciendo calzado desde 1981","publisher":{"@id":"https:\/\/blog.calzadospitillos.com\/#organization"},"potentialAction":[{"@type":"SearchAction","target":{"@type":"EntryPoint","urlTemplate":"https:\/\/blog.calzadospitillos.com\/?s={search_term_string}"},"query-input":{"@type":"PropertyValueSpecification","valueRequired":true,"valueName":"search_term_string"}}],"inLanguage":"it-IT"},{"@type":"Organization","@id":"https:\/\/blog.calzadospitillos.com\/#organization","name":"Pitillos","url":"https:\/\/blog.calzadospitillos.com\/","logo":{"@type":"ImageObject","inLanguage":"it-IT","@id":"https:\/\/blog.calzadospitillos.com\/#\/schema\/logo\/image\/","url":"https:\/\/blog.calzadospitillos.com\/wp-content\/uploads\/2018\/10\/PIT_LOGO_SIMPLE.png","contentUrl":"https:\/\/blog.calzadospitillos.com\/wp-content\/uploads\/2018\/10\/PIT_LOGO_SIMPLE.png","width":284,"height":67,"caption":"Pitillos"},"image":{"@id":"https:\/\/blog.calzadospitillos.com\/#\/schema\/logo\/image\/"},"sameAs":["https:\/\/www.pinterest.es\/calzadospitillos\/"]}]}},"_links":{"self":[{"href":"https:\/\/blog.calzadospitillos.com\/it\/wp-json\/wp\/v2\/pages\/1090","targetHints":{"allow":["GET"]}}],"collection":[{"href":"https:\/\/blog.calzadospitillos.com\/it\/wp-json\/wp\/v2\/pages"}],"about":[{"href":"https:\/\/blog.calzadospitillos.com\/it\/wp-json\/wp\/v2\/types\/page"}],"author":[{"embeddable":true,"href":"https:\/\/blog.calzadospitillos.com\/it\/wp-json\/wp\/v2\/users\/6"}],"replies":[{"embeddable":true,"href":"https:\/\/blog.calzadospitillos.com\/it\/wp-json\/wp\/v2\/comments?post=1090"}],"version-history":[{"count":0,"href":"https:\/\/blog.calzadospitillos.com\/it\/wp-json\/wp\/v2\/pages\/1090\/revisions"}],"wp:attachment":[{"href":"https:\/\/blog.calzadospitillos.com\/it\/wp-json\/wp\/v2\/media?parent=1090"}],"curies":[{"name":"wp","href":"https:\/\/api.w.org\/{rel}","templated":true}]}}